{"id":13396,"date":"2014-03-24T10:54:51","date_gmt":"2014-03-24T10:54:51","guid":{"rendered":"http:\/\/demo.qodeinteractive.com\/bridge\/?page_id=13396"},"modified":"2021-10-19T13:52:28","modified_gmt":"2021-10-19T10:52:28","slug":"about-us","status":"publish","type":"page","link":"https:\/\/academyfc.com\/index.php\/about-us\/","title":{"rendered":"About Us"},"content":{"rendered":"<p>[vc_row row_type=&#8221;row&#8221; use_row_as_full_screen_section=&#8221;no&#8221; type=&#8221;grid&#8221; angled_section=&#8221;no&#8221; text_align=&#8221;left&#8221; background_image_as_pattern=&#8221;without_pattern&#8221; background_color=&#8221;#ffffff&#8221; padding_top=&#8221;87&#8243; padding_bottom=&#8221;0&#8243; css_animation=&#8221;&#8221;][vc_column][vc_column_text]<\/p>\n<h2 style=\"text-align: center;\">ACADEMY FC IS A FULL SERVICE AGENCY<\/h2>\n<h2 style=\"text-align: center;\">MAINLY SPECIALIZED IN HEALTHCARE SECTOR<\/h2>\n<p>[\/vc_column_text][vc_separator type=&#8221;small&#8221; position=&#8221;center&#8221; up=&#8221;7&#8243; down=&#8221;38&#8243;][vc_column_text]<\/p>\n<h4 style=\"text-align: center;\">We also focus on the advertising needs of multiple markets.<\/h4>\n<p>[\/vc_column_text][vc_separator type=&#8221;transparent&#8221; up=&#8221;31&#8243; down=&#8221;19&#8243;][\/vc_column][\/vc_row][vc_row row_type=&#8221;row&#8221; use_row_as_full_screen_section=&#8221;no&#8221; type=&#8221;grid&#8221; angled_section=&#8221;no&#8221; text_align=&#8221;center&#8221; background_image_as_pattern=&#8221;without_pattern&#8221; background_color=&#8221;#2b2b2b&#8221; padding_top=&#8221;50&#8243; css_animation=&#8221;&#8221;][vc_column][vc_row_inner row_type=&#8221;row&#8221; type=&#8221;full_width&#8221; text_align=&#8221;left&#8221; background_color=&#8221;#2b2b2b&#8221; css_animation=&#8221;&#8221;][vc_column_inner width=&#8221;1\/4&#8243;]<div class=\"q_counter_holder  center\" style=\"\"><span class=\"counter  zero\" style=\"color: #ffffff;font-size: 60px;\">20<\/span><span class=\"separator small\" style=\"background-color: #ffffff;\"><\/span><p class=\"counter_text\" style=\"color: #ffffff;\">YEARS<\/p><\/div>[vc_separator type=&#8221;transparent&#8221; up=&#8221;1&#8243; down=&#8221;0&#8243;][vc_separator type=&#8221;transparent&#8221; up=&#8221;93&#8243; down=&#8221;0&#8243;][\/vc_column_inner][vc_column_inner width=&#8221;1\/4&#8243;]<div class=\"q_counter_holder  center\" style=\"\"><span class=\"counter  zero\" style=\"color: #ffffff;font-size: 60px;\">375<\/span><span class=\"separator small\" style=\"background-color: #ffffff;\"><\/span><p class=\"counter_text\" style=\"color: #ffffff;\">CAMPAIGNS<\/p><\/div>[\/vc_column_inner][vc_column_inner width=&#8221;1\/4&#8243;]<div class=\"q_counter_holder  center\" style=\"\"><span class=\"counter  zero\" style=\"color: #ffffff;font-size: 60px;\">284<\/span><span class=\"separator small\" style=\"background-color: #ffffff;\"><\/span><p class=\"counter_text\" style=\"color: #ffffff;\">FILMS<\/p><\/div>[\/vc_column_inner][vc_column_inner width=&#8221;1\/4&#8243;]<div class=\"q_counter_holder  center\" style=\"\"><span class=\"counter  zero\" style=\"color: #ffffff;font-size: 60px;\">2874<\/span><span class=\"separator small\" style=\"background-color: #ffffff;\"><\/span><p class=\"counter_text\" style=\"color: #ffffff;\">BROCHURE<\/p><\/div>[\/vc_column_inner][\/vc_row_inner][\/vc_column][\/vc_row][vc_row row_type=&#8221;row&#8221; use_row_as_full_screen_section=&#8221;no&#8221; type=&#8221;grid&#8221; angled_section=&#8221;no&#8221; text_align=&#8221;left&#8221; background_image_as_pattern=&#8221;without_pattern&#8221; background_color=&#8221;#ffffff&#8221; padding_top=&#8221;87&#8243; padding_bottom=&#8221;0&#8243; css_animation=&#8221;&#8221;][vc_column][vc_column_text]<\/p>\n<h2 style=\"text-align: center;\">WHAT WE DO<\/h2>\n<p>[\/vc_column_text][vc_separator type=&#8221;small&#8221; position=&#8221;center&#8221; up=&#8221;7&#8243; down=&#8221;38&#8243;][vc_column_text]<\/p>\n<h4 style=\"text-align: center;\">We are sharing client&#8217;s goals, and working collaboratively for producing better results. Our works range from new creative concept design to post production. We\u2019re proud to work with some of the world\u2019s biggest brands.<\/h4>\n<p>[\/vc_column_text][vc_separator type=&#8221;transparent&#8221; up=&#8221;35&#8243; down=&#8221;17&#8243;][\/vc_column][\/vc_row][vc_row row_type=&#8221;row&#8221; use_row_as_full_screen_section=&#8221;no&#8221; type=&#8221;grid&#8221; angled_section=&#8221;no&#8221; text_align=&#8221;left&#8221; background_image_as_pattern=&#8221;without_pattern&#8221; background_color=&#8221;#ffffff&#8221; css_animation=&#8221;&#8221;][vc_column width=&#8221;1\/3&#8243;]<div class='q_icon_with_title medium circle center'><div class=\"icon_holder \" style=\" \"><span data-icon-type=\"circle\"  data-icon-hover-bg-color=\"#fc9235\" class=\"qode_iwt_icon_holder fa-stack fa-3x \" style=\"\"><i class=\"qode_icon_font_awesome fa fa-paper-plane qode_iwt_icon_element\" style=\"\" ><\/i><\/span><\/div><div class=\"icon_text_holder\" style=\"\"><div class=\"icon_text_inner\" style=\"\"><h5 class=\"icon_title\" style=\"color: #000000;\">Pr\u0131nt<\/h5><p style=''><\/p><\/div><\/div><\/div>[\/vc_column][vc_column width=&#8221;1\/3&#8243;]<div class='q_icon_with_title medium circle center'><div class=\"icon_holder \" style=\" \"><span data-icon-type=\"circle\"  data-icon-hover-bg-color=\"#fc9235\" class=\"qode_iwt_icon_holder fa-stack fa-3x \" style=\"\"><i class=\"qode_icon_font_awesome fa fa-video-camera qode_iwt_icon_element\" style=\"\" ><\/i><\/span><\/div><div class=\"icon_text_holder\" style=\"\"><div class=\"icon_text_inner\" style=\"\"><h5 class=\"icon_title\" style=\"color: #000000;\">FILM<\/h5><p style=''><\/p><\/div><\/div><\/div>[\/vc_column][vc_column width=&#8221;1\/3&#8243;]<div class='q_icon_with_title medium circle center'><div class=\"icon_holder \" style=\" \"><span data-icon-type=\"circle\"  data-icon-hover-bg-color=\"#fc9235\" class=\"qode_iwt_icon_holder fa-stack fa-3x \" style=\"\"><i class=\"qode_icon_font_awesome fa fa-building qode_iwt_icon_element\" style=\"\" ><\/i><\/span><\/div><div class=\"icon_text_holder\" style=\"\"><div class=\"icon_text_inner\" style=\"\"><h5 class=\"icon_title\" style=\"color: #000000;\">Outdoor<\/h5><p style=''><\/p><\/div><\/div><\/div>[\/vc_column][\/vc_row][vc_row row_type=&#8221;row&#8221; use_row_as_full_screen_section=&#8221;no&#8221; type=&#8221;full_width&#8221; angled_section=&#8221;no&#8221; text_align=&#8221;left&#8221; background_image_as_pattern=&#8221;without_pattern&#8221; background_color=&#8221;#ffffff&#8221; css_animation=&#8221;&#8221;][vc_column][vc_separator type=&#8221;small&#8221; position=&#8221;center&#8221; color=&#8221;#a3a3a3&#8243; width=&#8221;900&#8243; up=&#8221;5&#8243;][\/vc_column][\/vc_row][vc_row row_type=&#8221;row&#8221; use_row_as_full_screen_section=&#8221;no&#8221; type=&#8221;grid&#8221; angled_section=&#8221;no&#8221; text_align=&#8221;left&#8221; background_image_as_pattern=&#8221;without_pattern&#8221; background_color=&#8221;#ffffff&#8221; css_animation=&#8221;&#8221;][vc_column width=&#8221;1\/3&#8243;]<div class='q_icon_with_title medium circle center'><div class=\"icon_holder \" style=\" \"><span data-icon-type=\"circle\"  data-icon-hover-bg-color=\"#fc9235\" class=\"qode_iwt_icon_holder fa-stack fa-3x \" style=\"\"><i class=\"qode_icon_font_awesome fa fa-share-alt qode_iwt_icon_element\" style=\"\" ><\/i><\/span><\/div><div class=\"icon_text_holder\" style=\"\"><div class=\"icon_text_inner\" style=\"\"><h5 class=\"icon_title\" style=\"\">d\u0131g\u0131tal &amp; soc\u0131al med\u0131a <\/h5><p style=''><\/p><\/div><\/div><\/div>[\/vc_column][vc_column width=&#8221;1\/3&#8243;]<div class='q_icon_with_title medium circle center'><div class=\"icon_holder \" style=\" \"><span data-icon-type=\"circle\"  data-icon-hover-bg-color=\"#fc9235\" class=\"qode_iwt_icon_holder fa-stack fa-3x \" style=\"\"><i class=\"qode_icon_font_awesome fa fa-microphone qode_iwt_icon_element\" style=\"\" ><\/i><\/span><\/div><div class=\"icon_text_holder\" style=\"\"><div class=\"icon_text_inner\" style=\"\"><h5 class=\"icon_title\" style=\"\">Meet\u0131ng Event Des\u0131gns<\/h5><p style=''><\/p><\/div><\/div><\/div>[\/vc_column][vc_column width=&#8221;1\/3&#8243;]<div class='q_icon_with_title medium circle center'><div class=\"icon_holder \" style=\" \"><span data-icon-type=\"circle\"  data-icon-hover-bg-color=\"#fc9235\" class=\"qode_iwt_icon_holder fa-stack fa-3x \" style=\"\"><i class=\"qode_icon_font_awesome fa fa-cube qode_iwt_icon_element\" style=\"\" ><\/i><\/span><\/div><div class=\"icon_text_holder\" style=\"\"><div class=\"icon_text_inner\" style=\"\"><h5 class=\"icon_title\" style=\"\">Amb\u0131ent<\/h5><p style=''><\/p><\/div><\/div><\/div>[\/vc_column][\/vc_row][vc_row row_type=&#8221;row&#8221; use_row_as_full_screen_section=&#8221;no&#8221; type=&#8221;full_width&#8221; angled_section=&#8221;no&#8221; text_align=&#8221;left&#8221; background_image_as_pattern=&#8221;without_pattern&#8221; background_color=&#8221;#ffffff&#8221; css_animation=&#8221;&#8221;][vc_column][vc_empty_space][\/vc_column][\/vc_row]<\/p>\n","protected":false},"excerpt":{"rendered":"<p>[vc_row row_type=&#8221;row&#8221; use_row_as_full_screen_section=&#8221;no&#8221; type=&#8221;grid&#8221; angled_section=&#8221;no&#8221; text_align=&#8221;left&#8221; background_image_as_pattern=&#8221;without_pattern&#8221; background_color=&#8221;#ffffff&#8221; padding_top=&#8221;87&#8243; padding_bottom=&#8221;0&#8243; css_animation=&#8221;&#8221;][vc_column][vc_column_text] ACADEMY FC IS A FULL SERVICE AGENCY MAINLY SPECIALIZED IN HEALTHCARE SECTOR [\/vc_column_text][vc_separator type=&#8221;small&#8221; position=&#8221;center&#8221; up=&#8221;7&#8243; down=&#8221;38&#8243;][vc_column_text] We also focus on the advertising needs of multiple markets. [\/vc_column_text][vc_separator type=&#8221;transparent&#8221; up=&#8221;31&#8243; down=&#8221;19&#8243;][\/vc_column][\/vc_row][vc_row row_type=&#8221;row&#8221; use_row_as_full_screen_section=&#8221;no&#8221; type=&#8221;grid&#8221;&#8230;<\/p>\n","protected":false},"author":1,"featured_media":0,"parent":0,"menu_order":0,"comment_status":"open","ping_status":"open","template":"full_width.php","meta":[],"_links":{"self":[{"href":"https:\/\/academyfc.com\/index.php\/wp-json\/wp\/v2\/pages\/13396"}],"collection":[{"href":"https:\/\/academyfc.com\/index.php\/wp-json\/wp\/v2\/pages"}],"about":[{"href":"https:\/\/academyfc.com\/index.php\/wp-json\/wp\/v2\/types\/page"}],"author":[{"embeddable":true,"href":"https:\/\/academyfc.com\/index.php\/wp-json\/wp\/v2\/users\/1"}],"replies":[{"embeddable":true,"href":"https:\/\/academyfc.com\/index.php\/wp-json\/wp\/v2\/comments?post=13396"}],"version-history":[{"count":72,"href":"https:\/\/academyfc.com\/index.php\/wp-json\/wp\/v2\/pages\/13396\/revisions"}],"predecessor-version":[{"id":15170,"href":"https:\/\/academyfc.com\/index.php\/wp-json\/wp\/v2\/pages\/13396\/revisions\/15170"}],"wp:attachment":[{"href":"https:\/\/academyfc.com\/index.php\/wp-json\/wp\/v2\/media?parent=13396"}],"curies":[{"name":"wp","href":"https:\/\/api.w.org\/{rel}","templated":true}]}}